{"id":355,"date":"2024-07-21T23:16:43","date_gmt":"2024-07-21T23:16:43","guid":{"rendered":"https:\/\/sosuadivingcenter.alejandromedina.net\/?page_id=355"},"modified":"2025-04-17T23:02:05","modified_gmt":"2025-04-17T23:02:05","slug":"toursandexcursions","status":"publish","type":"page","link":"https:\/\/sosuadivingcenter.com\/es\/toursandexcursions\/","title":{"rendered":"Tours y Excursiones"},"content":{"rendered":"[et_pb_section fb_built=&#8221;1&#8243; _builder_version=&#8221;4.26.1&#8243; _module_preset=&#8221;default&#8221; use_background_color_gradient=&#8221;on&#8221; background_color_gradient_stops=&#8221;rgba(25,30,51,0.65) 0%|rgba(25,30,51,0.55) 100%&#8221; background_color_gradient_overlays_image=&#8221;on&#8221; background_image=&#8221;http:\/\/sosuadivingcenter.alejandromedina.net\/wp-content\/uploads\/2024\/07\/Precision-Servers-1_11zon.webp&#8221; global_colors_info=&#8221;{}&#8221;][et_pb_row _builder_version=&#8221;4.26.1&#8243; _module_preset=&#8221;default&#8221; global_colors_info=&#8221;{}&#8221;][et_pb_column type=&#8221;4_4&#8243; _builder_version=&#8221;4.26.1&#8243; _module_preset=&#8221;default&#8221; global_colors_info=&#8221;{}&#8221;][et_pb_text _builder_version=&#8221;4.26.1&#8243; _module_preset=&#8221;default&#8221; text_font=&#8221;Ubuntu|700|||||||&#8221; text_text_color=&#8221;#FFFFFF&#8221; text_font_size=&#8221;50px&#8221; text_line_height=&#8221;1.1em&#8221; text_orientation=&#8221;center&#8221; custom_padding=&#8221;|139px||139px|false|true&#8221; custom_padding_tablet=&#8221;|28px||28px|false|true&#8221; custom_padding_phone=&#8221;|0px||0px|false|true&#8221; custom_padding_last_edited=&#8221;on|tablet&#8221; text_font_size_tablet=&#8221;50px&#8221; text_font_size_phone=&#8221;37px&#8221; text_font_size_last_edited=&#8221;on|phone&#8221; global_colors_info=&#8221;{}&#8221;]<p>Exploremos los verdaderos tesoros de la Rep\u00fablica Dominicana.<\/p>[\/et_pb_text][et_pb_text _builder_version=&#8221;4.26.1&#8243; _module_preset=&#8221;default&#8221; text_font=&#8221;Ubuntu|300|||||||&#8221; text_text_color=&#8221;#FFFFFF&#8221; text_font_size=&#8221;24px&#8221; text_line_height=&#8221;1.4em&#8221; text_orientation=&#8221;center&#8221; custom_padding=&#8221;|128px||128px|false|true&#8221; custom_padding_tablet=&#8221;|59px||59px|false|true&#8221; custom_padding_phone=&#8221;|0px||0px|false|true&#8221; custom_padding_last_edited=&#8221;on|phone&#8221; text_font_size_tablet=&#8221;24px&#8221; text_font_size_phone=&#8221;21px&#8221; text_font_size_last_edited=&#8221;on|desktop&#8221; global_colors_info=&#8221;{}&#8221;]<div class=\"elementor-element elementor-element-a27554e sc_fly_static elementor-widget elementor-widget-text-editor\" data-id=\"a27554e\" data-element_type=\"widget\" data-widget_type=\"text-editor.default\">\n<div class=\"elementor-widget-container\">\n<p>Sos\u00faa Diving Center ofrece las mejores excursiones y atracciones tur\u00edsticas disponibles en la Costa Norte, facilitando tu experiencia al evitar que tengas que moverte de un lugar a otro en busca de una amplia gama de opciones. \u00a1Lo tenemos todo!<\/p>\n<\/div>\n<\/div>\n<div class=\"elementor-element elementor-element-8ec2aff sc_fly_static elementor-widget elementor-widget-spacer\" data-id=\"8ec2aff\" data-element_type=\"widget\" data-widget_type=\"spacer.default\">\n<div class=\"elementor-widget-container\">\n<div class=\"elementor-spacer\"><\/div>\n<\/div>\n<\/div>[\/et_pb_text][\/et_pb_column][\/et_pb_row][\/et_pb_section][et_pb_section fb_built=&#8221;1&#8243; _builder_version=&#8221;4.26.1&#8243; _module_preset=&#8221;default&#8221; global_colors_info=&#8221;{}&#8221;][et_pb_row column_structure=&#8221;1_3,1_3,1_3&#8243; _builder_version=&#8221;4.26.1&#8243; _module_preset=&#8221;default&#8221; global_colors_info=&#8221;{}&#8221;][et_pb_column type=&#8221;1_3&#8243; _builder_version=&#8221;4.26.1&#8243; _module_preset=&#8221;default&#8221; global_colors_info=&#8221;{}&#8221;][et_pb_image src=&#8221;http:\/\/sosuadivingcenter.alejandromedina.net\/wp-content\/uploads\/2024\/07\/4-1.jpg&#8221; title_text=&#8221;4&#8243; _builder_version=&#8221;4.26.1&#8243; _module_preset=&#8221;default&#8221; custom_margin=&#8221;||1px|||&#8221; global_colors_info=&#8221;{}&#8221;][\/et_pb_image][et_pb_text _builder_version=&#8221;4.26.1&#8243; _dynamic_attributes=&#8221;link_option_url&#8221; _module_preset=&#8221;default&#8221; text_font=&#8221;Ubuntu|700|||||||&#8221; text_text_color=&#8221;#0c71c3&#8243; text_font_size=&#8221;35px&#8221; text_letter_spacing=&#8221;-1px&#8221; link_text_color=&#8221;#07518e&#8221; text_orientation=&#8221;center&#8221; custom_padding=&#8221;25px||||false|false&#8221; custom_padding_tablet=&#8221;25px||||false|false&#8221; custom_padding_phone=&#8221;25px||||false|false&#8221; custom_padding_last_edited=&#8221;on|desktop&#8221; link_option_url=&#8221;@ET-DC@eyJkeW5hbWljIjp0cnVlLCJjb250ZW50IjoicG9zdF9saW5rX3VybF9wYWdlIiwic2V0dGluZ3MiOnsicG9zdF9pZCI6IjY4In19@&#8221; text_font_size_tablet=&#8221;35px&#8221; text_font_size_phone=&#8221;35px&#8221; text_font_size_last_edited=&#8221;on|phone&#8221; global_colors_info=&#8221;{}&#8221;]<p>Snorkeling<\/p>[\/et_pb_text][\/et_pb_column][et_pb_column type=&#8221;1_3&#8243; _builder_version=&#8221;4.26.1&#8243; _module_preset=&#8221;default&#8221; global_colors_info=&#8221;{}&#8221;][et_pb_image src=&#8221;http:\/\/sosuadivingcenter.alejandromedina.net\/wp-content\/uploads\/2024\/07\/Diseno-sin-titulo-7.jpg&#8221; title_text=&#8221;Dise\u00f1o sin t\u00edtulo (7)&#8221; _builder_version=&#8221;4.26.1&#8243; _module_preset=&#8221;default&#8221; custom_margin=&#8221;||1px|||&#8221; global_colors_info=&#8221;{}&#8221;][\/et_pb_image][et_pb_text _builder_version=&#8221;4.26.1&#8243; _dynamic_attributes=&#8221;link_option_url&#8221; _module_preset=&#8221;default&#8221; text_font=&#8221;Ubuntu|700|||||||&#8221; text_text_color=&#8221;#0c71c3&#8243; text_font_size=&#8221;35px&#8221; text_letter_spacing=&#8221;-1px&#8221; text_line_height=&#8221;1.1em&#8221; link_text_color=&#8221;#07518e&#8221; text_orientation=&#8221;center&#8221; custom_padding=&#8221;25px||||false|false&#8221; custom_padding_tablet=&#8221;25px||||false|false&#8221; custom_padding_phone=&#8221;25px||||false|false&#8221; custom_padding_last_edited=&#8221;on|desktop&#8221; link_option_url=&#8221;@ET-DC@eyJkeW5hbWljIjp0cnVlLCJjb250ZW50IjoicG9zdF9saW5rX3VybF9wYWdlIiwic2V0dGluZ3MiOnsicG9zdF9pZCI6IjMwNSJ9fQ==@&#8221; text_font_size_tablet=&#8221;35px&#8221; text_font_size_phone=&#8221;35px&#8221; text_font_size_last_edited=&#8221;on|phone&#8221; text_line_height_tablet=&#8221;1.1em&#8221; text_line_height_phone=&#8221;1.1em&#8221; text_line_height_last_edited=&#8221;on|desktop&#8221; global_colors_info=&#8221;{}&#8221;]<p>Cascadas de Damajagua<\/p>[\/et_pb_text][\/et_pb_column][et_pb_column type=&#8221;1_3&#8243; _builder_version=&#8221;4.26.1&#8243; _module_preset=&#8221;default&#8221; global_colors_info=&#8221;{}&#8221;][et_pb_image src=&#8221;http:\/\/sosuadivingcenter.alejandromedina.net\/wp-content\/uploads\/2024\/07\/2-2.jpg&#8221; title_text=&#8221;2&#8243; _builder_version=&#8221;4.26.1&#8243; _module_preset=&#8221;default&#8221; custom_margin=&#8221;||1px|||&#8221; global_colors_info=&#8221;{}&#8221;][\/et_pb_image][et_pb_text _builder_version=&#8221;4.26.1&#8243; _dynamic_attributes=&#8221;link_option_url&#8221; _module_preset=&#8221;default&#8221; text_font=&#8221;Ubuntu|700|||||||&#8221; text_text_color=&#8221;#0c71c3&#8243; text_font_size=&#8221;35px&#8221; text_letter_spacing=&#8221;-1px&#8221; text_line_height=&#8221;1.2em&#8221; link_text_color=&#8221;#07518e&#8221; text_orientation=&#8221;center&#8221; custom_padding=&#8221;25px||||false|false&#8221; custom_padding_tablet=&#8221;25px||||false|false&#8221; custom_padding_phone=&#8221;25px||||false|false&#8221; custom_padding_last_edited=&#8221;on|desktop&#8221; link_option_url=&#8221;@ET-DC@eyJkeW5hbWljIjp0cnVlLCJjb250ZW50IjoicG9zdF9saW5rX3VybF9wYWdlIiwic2V0dGluZ3MiOnsicG9zdF9pZCI6IjI5OSJ9fQ==@&#8221; text_font_size_tablet=&#8221;35px&#8221; text_font_size_phone=&#8221;35px&#8221; text_font_size_last_edited=&#8221;on|phone&#8221; global_colors_info=&#8221;{}&#8221;]<p>Cayo Para\u00edso<\/p>[\/et_pb_text][\/et_pb_column][\/et_pb_row][et_pb_row column_structure=&#8221;1_3,1_3,1_3&#8243; _builder_version=&#8221;4.26.1&#8243; _module_preset=&#8221;default&#8221; custom_padding=&#8221;0px|||||&#8221; global_colors_info=&#8221;{}&#8221;][et_pb_column type=&#8221;1_3&#8243; _builder_version=&#8221;4.26.1&#8243; _module_preset=&#8221;default&#8221; global_colors_info=&#8221;{}&#8221;][\/et_pb_column][et_pb_column type=&#8221;1_3&#8243; _builder_version=&#8221;4.26.1&#8243; _module_preset=&#8221;default&#8221; global_colors_info=&#8221;{}&#8221;][et_pb_image src=&#8221;http:\/\/sosuadivingcenter.alejandromedina.net\/wp-content\/uploads\/2024\/07\/5.jpg&#8221; title_text=&#8221;5&#8243; _builder_version=&#8221;4.26.1&#8243; _module_preset=&#8221;default&#8221; custom_margin=&#8221;-2px||1px|||&#8221; global_colors_info=&#8221;{}&#8221;][\/et_pb_image][et_pb_text _builder_version=&#8221;4.26.1&#8243; _dynamic_attributes=&#8221;link_option_url&#8221; _module_preset=&#8221;default&#8221; text_font=&#8221;Ubuntu|700|||||||&#8221; text_text_color=&#8221;#0c71c3&#8243; text_font_size=&#8221;35px&#8221; text_letter_spacing=&#8221;-1px&#8221; link_text_color=&#8221;#07518e&#8221; text_orientation=&#8221;center&#8221; custom_padding=&#8221;25px||||false|false&#8221; custom_padding_tablet=&#8221;25px||||false|false&#8221; custom_padding_phone=&#8221;25px||||false|false&#8221; custom_padding_last_edited=&#8221;on|desktop&#8221; link_option_url=&#8221;@ET-DC@eyJkeW5hbWljIjp0cnVlLCJjb250ZW50IjoicG9zdF9saW5rX3VybF9wYWdlIiwic2V0dGluZ3MiOnsicG9zdF9pZCI6IjI5MyJ9fQ==@&#8221; hover_enabled=&#8221;0&#8243; text_font_size_tablet=&#8221;35px&#8221; text_font_size_phone=&#8221;35px&#8221; text_font_size_last_edited=&#8221;on|phone&#8221; text_line_height_tablet=&#8221;1.2em&#8221; text_line_height_phone=&#8221;1.2em&#8221; text_line_height_last_edited=&#8221;on|tablet&#8221; global_colors_info=&#8221;{}&#8221; sticky_enabled=&#8221;0&#8243;]<p>Paseo en Catamar\u00e1n<\/p>[\/et_pb_text][\/et_pb_column][et_pb_column type=&#8221;1_3&#8243; _builder_version=&#8221;4.26.1&#8243; _module_preset=&#8221;default&#8221; global_colors_info=&#8221;{}&#8221;][\/et_pb_column][\/et_pb_row][\/et_pb_section][et_pb_section fb_built=&#8221;1&#8243; fullwidth=&#8221;on&#8221; custom_padding_last_edited=&#8221;on|desktop&#8221; _builder_version=&#8221;4.26.1&#8243; _module_preset=&#8221;default&#8221; background_color=&#8221;#2d71b9&#8243; use_background_color_gradient=&#8221;on&#8221; background_color_gradient_repeat=&#8221;on&#8221; background_color_gradient_stops=&#8221;rgba(25,30,51,0.55) 0%|rgba(25,30,51,0.61) 100%&#8221; background_color_gradient_overlays_image=&#8221;on&#8221; background_image=&#8221;http:\/\/sosuadivingcenter.alejandromedina.net\/wp-content\/uploads\/2024\/06\/Sosua-Diving.jpg&#8221; background_enable_image=&#8221;off&#8221; background_enable_pattern_style=&#8221;on&#8221; background_pattern_style=&#8221;diagonal-stripes&#8221; background_pattern_color=&#8221;rgba(0,0,0,0.01)&#8221; custom_margin=&#8221;0px||0px||true|false&#8221; custom_padding=&#8221;0px||0px||true|false&#8221; custom_padding_tablet=&#8221;0px||0px||true|false&#8221; custom_padding_phone=&#8221;0px||0px||true|false&#8221; global_module=&#8221;514&#8243; saved_tabs=&#8221;all&#8221; global_colors_info=&#8221;{}&#8221;][et_pb_fullwidth_slider _builder_version=&#8221;4.26.1&#8243; _module_preset=&#8221;default&#8221; header_font=&#8221;Ubuntu|700|||||||&#8221; body_font=&#8221;Ubuntu||||||||&#8221; body_font_size=&#8221;18px&#8221; body_line_height=&#8221;1.6em&#8221; background_enable_color=&#8221;off&#8221; background_enable_image=&#8221;off&#8221; custom_margin=&#8221;||||true&#8221; custom_margin_tablet=&#8221;||||true&#8221; custom_margin_phone=&#8221;||||true&#8221; custom_margin_last_edited=&#8221;on|desktop&#8221; custom_padding=&#8221;107px|264px|107px|264px|true|true&#8221; custom_padding_tablet=&#8221;107px|50px|107px|50px|true|true&#8221; custom_padding_phone=&#8221;107px|0px|107px|0px|true|true&#8221; custom_padding_last_edited=&#8221;on|phone&#8221; global_colors_info=&#8221;{}&#8221;][et_pb_slide heading=&#8221;What Our Customers Say&#8221; _builder_version=&#8221;4.26.1&#8243; _module_preset=&#8221;default&#8221; background_color=&#8221;#2d71b9&#8243; background_enable_color=&#8221;on&#8221; background_enable_pattern_style=&#8221;on&#8221; background_pattern_style=&#8221;diagonal-stripes&#8221; background_pattern_color=&#8221;rgba(0,0,0,0.02)&#8221; custom_padding=&#8221;49px||49px||true|false&#8221; global_colors_info=&#8221;{}&#8221; sticky_transition=&#8221;on&#8221;]<p>\u00a1Excelente centro de buceo! Fue nuestro primer buceo despu\u00e9s de la certificaci\u00f3n y fue una experiencia incre\u00edble. El personal fue muy amable y eficiente durante la reserva, el proceso y toda la ma\u00f1ana de buceos (hicimos 2). \u00a1Altamente recomendado!<\/p>\n<p>Sin duda volver\u00e9 para explorar m\u00e1s buceos (hay muchos en Sos\u00faa).<\/p>\n<p><strong>&#8211; Stefano Braganti<\/strong><\/p>[\/et_pb_slide][et_pb_slide heading=&#8221;What Our Customers Say&#8221; _builder_version=&#8221;4.26.1&#8243; _module_preset=&#8221;default&#8221; background_color=&#8221;#2d71b9&#8243; background_enable_color=&#8221;on&#8221; background_enable_pattern_style=&#8221;on&#8221; background_pattern_style=&#8221;diagonal-stripes&#8221; background_pattern_color=&#8221;rgba(0,0,0,0.02)&#8221; custom_padding=&#8221;49px||49px||true|false&#8221; global_colors_info=&#8221;{}&#8221; sticky_transition=&#8221;on&#8221;]<p>\u00a1Una de las mejores inmersiones que he tenido! Personal amable y conocedor. Realmente aman lo que hacen y se nota. Tienda bien equipada. El agua es clara, hay muchas opciones de buceo, incluyendo un naufragio, nunca te quedar\u00e1s sin cosas que ver.<\/p>\n<p><strong>&#8211; Leo DVO<\/strong><\/p>[\/et_pb_slide][et_pb_slide heading=&#8221;What Our Customers Say&#8221; _builder_version=&#8221;4.26.1&#8243; _module_preset=&#8221;default&#8221; background_color=&#8221;#2d71b9&#8243; background_enable_color=&#8221;on&#8221; background_enable_pattern_style=&#8221;on&#8221; background_pattern_style=&#8221;diagonal-stripes&#8221; background_pattern_color=&#8221;rgba(0,0,0,0.01)&#8221; custom_padding=&#8221;49px||49px||true|false&#8221; global_colors_info=&#8221;{}&#8221; sticky_transition=&#8221;on&#8221;]<p>La tienda de buceo es muy profesional y brinda excelente cuidado a sus buzos. Aseguraron que tuvi\u00e9ramos todo lo necesario para una experiencia agradable. Tambi\u00e9n recogen basura mientras bucean para ayudar a proteger el arrecife, algo que todos los buzos deber\u00edan considerar como una parte importante del buceo. Hemos buceado con otras tiendas que no cuidaron tanto la seguridad. \u00a1Muchas gracias! Volveremos a bucear con ustedes, nuestros amigos, de nuevo.<\/p>\n<p><strong>&#8211; Stacy Drew<\/strong><\/p>[\/et_pb_slide][\/et_pb_fullwidth_slider][\/et_pb_section]","protected":false},"excerpt":{"rendered":"<p>Let&#8217;s Explore The Real Treasures Of The Dominican Republic Sos\u00faa Diving Center offers the best excursions and tourist attractions available in the North Coast, helping you to avoid having to move from one place to the next looking for a wide range of options. We\u2019ve got them all! SnorkelingDamajagua WaterfallsParadise IslandCatamaran TourGreat diving center! It [&hellip;]<\/p>","protected":false},"author":1,"featured_media":0,"parent":0,"menu_order":0,"comment_status":"closed","ping_status":"closed","template":"","meta":{"_et_pb_use_builder":"on","_et_pb_old_content":"","_et_gb_content_width":"","footnotes":""},"class_list":["post-355","page","type-page","status-publish","hentry"],"yoast_head":"<!-- This site is optimized with the Yoast SEO Premium plugin v24.4 (Yoast SEO v24.4) - https:\/\/yoast.com\/wordpress\/plugins\/seo\/ -->\n<title>Tours and Excursions in Sos\u00faa and Puerto Plata | Unforgettable Adventures<\/title>\n<meta name=\"description\" content=\"Explore top excursions in Sos\u00faa and Puerto Plata: snorkeling, waterfalls, Paradise Island, and catamaran tours. Experience unique adventures with Sosua\u00a0Diving\u00a0Center.\" \/>\n<meta name=\"robots\" content=\"index, follow, max-snippet:-1, max-image-preview:large, max-video-preview:-1\" \/>\n<link rel=\"canonical\" href=\"https:\/\/sosuadivingcenter.com\/es\/toursandexcursions\/\" \/>\n<meta property=\"og:locale\" content=\"es_ES\" \/>\n<meta property=\"og:type\" content=\"article\" \/>\n<meta property=\"og:title\" content=\"Tours and Excursions\" \/>\n<meta property=\"og:description\" content=\"Explore top excursions in Sos\u00faa and Puerto Plata: snorkeling, waterfalls, Paradise Island, and catamaran tours. Experience unique adventures with Sosua\u00a0Diving\u00a0Center.\" \/>\n<meta property=\"og:url\" content=\"https:\/\/sosuadivingcenter.com\/es\/toursandexcursions\/\" \/>\n<meta property=\"og:site_name\" content=\"Sosua Diving Center\" \/>\n<meta property=\"article:publisher\" content=\"https:\/\/www.facebook.com\/sosuadivingcenter\/?locale=es_LA\" \/>\n<meta property=\"article:modified_time\" content=\"2025-04-17T23:02:05+00:00\" \/>\n<meta name=\"twitter:card\" content=\"summary_large_image\" \/>\n<meta name=\"twitter:label1\" content=\"Tiempo de lectura\" \/>\n\t<meta name=\"twitter:data1\" content=\"3 minutos\" \/>\n<script type=\"application\/ld+json\" class=\"yoast-schema-graph\">{\"@context\":\"https:\/\/schema.org\",\"@graph\":[{\"@type\":\"WebPage\",\"@id\":\"https:\/\/sosuadivingcenter.com\/toursandexcursions\/\",\"url\":\"https:\/\/sosuadivingcenter.com\/toursandexcursions\/\",\"name\":\"Tours and Excursions in Sos\u00faa and Puerto Plata | Unforgettable Adventures\",\"isPartOf\":{\"@id\":\"https:\/\/sosuadivingcenter.com\/es\/#website\"},\"datePublished\":\"2024-07-21T23:16:43+00:00\",\"dateModified\":\"2025-04-17T23:02:05+00:00\",\"description\":\"Explore top excursions in Sos\u00faa and Puerto Plata: snorkeling, waterfalls, Paradise Island, and catamaran tours. Experience unique adventures with Sosua\u00a0Diving\u00a0Center.\",\"breadcrumb\":{\"@id\":\"https:\/\/sosuadivingcenter.com\/toursandexcursions\/#breadcrumb\"},\"inLanguage\":\"es\",\"potentialAction\":[{\"@type\":\"ReadAction\",\"target\":[\"https:\/\/sosuadivingcenter.com\/toursandexcursions\/\"]}]},{\"@type\":\"BreadcrumbList\",\"@id\":\"https:\/\/sosuadivingcenter.com\/toursandexcursions\/#breadcrumb\",\"itemListElement\":[{\"@type\":\"ListItem\",\"position\":1,\"name\":\"Portada\",\"item\":\"https:\/\/sosuadivingcenter.com\/\"},{\"@type\":\"ListItem\",\"position\":2,\"name\":\"Tours and Excursions\"}]},{\"@type\":\"WebSite\",\"@id\":\"https:\/\/sosuadivingcenter.com\/es\/#website\",\"url\":\"https:\/\/sosuadivingcenter.com\/es\/\",\"name\":\"Sosua Diving Center\",\"description\":\"Come scuba diving in Sosua Dominican Republic!\",\"publisher\":{\"@id\":\"https:\/\/sosuadivingcenter.com\/es\/#organization\"},\"potentialAction\":[{\"@type\":\"SearchAction\",\"target\":{\"@type\":\"EntryPoint\",\"urlTemplate\":\"https:\/\/sosuadivingcenter.com\/es\/?s={search_term_string}\"},\"query-input\":{\"@type\":\"PropertyValueSpecification\",\"valueRequired\":true,\"valueName\":\"search_term_string\"}}],\"inLanguage\":\"es\"},{\"@type\":\"Organization\",\"@id\":\"https:\/\/sosuadivingcenter.com\/es\/#organization\",\"name\":\"Sosua Diving Center\",\"url\":\"https:\/\/sosuadivingcenter.com\/es\/\",\"logo\":{\"@type\":\"ImageObject\",\"inLanguage\":\"es\",\"@id\":\"https:\/\/sosuadivingcenter.com\/es\/#\/schema\/logo\/image\/\",\"url\":\"https:\/\/sosuadivingcenter.com\/wp-content\/uploads\/2024\/06\/cropped-cropped-cropped-cropped-sosua_logo512-2-1.png\",\"contentUrl\":\"https:\/\/sosuadivingcenter.com\/wp-content\/uploads\/2024\/06\/cropped-cropped-cropped-cropped-sosua_logo512-2-1.png\",\"width\":512,\"height\":512,\"caption\":\"Sosua Diving Center\"},\"image\":{\"@id\":\"https:\/\/sosuadivingcenter.com\/es\/#\/schema\/logo\/image\/\"},\"sameAs\":[\"https:\/\/www.facebook.com\/sosuadivingcenter\/?locale=es_LA\"]}]}<\/script>\n<!-- \/ Yoast SEO Premium plugin. -->","yoast_head_json":{"title":"Tours and Excursions in Sos\u00faa and Puerto Plata | Unforgettable Adventures","description":"Explore top excursions in Sos\u00faa and Puerto Plata: snorkeling, waterfalls, Paradise Island, and catamaran tours. Experience unique adventures with Sosua\u00a0Diving\u00a0Center.","robots":{"index":"index","follow":"follow","max-snippet":"max-snippet:-1","max-image-preview":"max-image-preview:large","max-video-preview":"max-video-preview:-1"},"canonical":"https:\/\/sosuadivingcenter.com\/es\/toursandexcursions\/","og_locale":"es_ES","og_type":"article","og_title":"Tours and Excursions","og_description":"Explore top excursions in Sos\u00faa and Puerto Plata: snorkeling, waterfalls, Paradise Island, and catamaran tours. Experience unique adventures with Sosua\u00a0Diving\u00a0Center.","og_url":"https:\/\/sosuadivingcenter.com\/es\/toursandexcursions\/","og_site_name":"Sosua Diving Center","article_publisher":"https:\/\/www.facebook.com\/sosuadivingcenter\/?locale=es_LA","article_modified_time":"2025-04-17T23:02:05+00:00","twitter_card":"summary_large_image","twitter_misc":{"Tiempo de lectura":"3 minutos"},"schema":{"@context":"https:\/\/schema.org","@graph":[{"@type":"WebPage","@id":"https:\/\/sosuadivingcenter.com\/toursandexcursions\/","url":"https:\/\/sosuadivingcenter.com\/toursandexcursions\/","name":"Tours and Excursions in Sos\u00faa and Puerto Plata | Unforgettable Adventures","isPartOf":{"@id":"https:\/\/sosuadivingcenter.com\/es\/#website"},"datePublished":"2024-07-21T23:16:43+00:00","dateModified":"2025-04-17T23:02:05+00:00","description":"Explore top excursions in Sos\u00faa and Puerto Plata: snorkeling, waterfalls, Paradise Island, and catamaran tours. Experience unique adventures with Sosua\u00a0Diving\u00a0Center.","breadcrumb":{"@id":"https:\/\/sosuadivingcenter.com\/toursandexcursions\/#breadcrumb"},"inLanguage":"es","potentialAction":[{"@type":"ReadAction","target":["https:\/\/sosuadivingcenter.com\/toursandexcursions\/"]}]},{"@type":"BreadcrumbList","@id":"https:\/\/sosuadivingcenter.com\/toursandexcursions\/#breadcrumb","itemListElement":[{"@type":"ListItem","position":1,"name":"Portada","item":"https:\/\/sosuadivingcenter.com\/"},{"@type":"ListItem","position":2,"name":"Tours and Excursions"}]},{"@type":"WebSite","@id":"https:\/\/sosuadivingcenter.com\/es\/#website","url":"https:\/\/sosuadivingcenter.com\/es\/","name":"Sosua Diving Center","description":"Come scuba diving in Sosua Dominican Republic!","publisher":{"@id":"https:\/\/sosuadivingcenter.com\/es\/#organization"},"potentialAction":[{"@type":"SearchAction","target":{"@type":"EntryPoint","urlTemplate":"https:\/\/sosuadivingcenter.com\/es\/?s={search_term_string}"},"query-input":{"@type":"PropertyValueSpecification","valueRequired":true,"valueName":"search_term_string"}}],"inLanguage":"es"},{"@type":"Organization","@id":"https:\/\/sosuadivingcenter.com\/es\/#organization","name":"Sosua Diving Center","url":"https:\/\/sosuadivingcenter.com\/es\/","logo":{"@type":"ImageObject","inLanguage":"es","@id":"https:\/\/sosuadivingcenter.com\/es\/#\/schema\/logo\/image\/","url":"https:\/\/sosuadivingcenter.com\/wp-content\/uploads\/2024\/06\/cropped-cropped-cropped-cropped-sosua_logo512-2-1.png","contentUrl":"https:\/\/sosuadivingcenter.com\/wp-content\/uploads\/2024\/06\/cropped-cropped-cropped-cropped-sosua_logo512-2-1.png","width":512,"height":512,"caption":"Sosua Diving Center"},"image":{"@id":"https:\/\/sosuadivingcenter.com\/es\/#\/schema\/logo\/image\/"},"sameAs":["https:\/\/www.facebook.com\/sosuadivingcenter\/?locale=es_LA"]}]}},"_links":{"self":[{"href":"https:\/\/sosuadivingcenter.com\/es\/wp-json\/wp\/v2\/pages\/355","targetHints":{"allow":["GET"]}}],"collection":[{"href":"https:\/\/sosuadivingcenter.com\/es\/wp-json\/wp\/v2\/pages"}],"about":[{"href":"https:\/\/sosuadivingcenter.com\/es\/wp-json\/wp\/v2\/types\/page"}],"author":[{"embeddable":true,"href":"https:\/\/sosuadivingcenter.com\/es\/wp-json\/wp\/v2\/users\/1"}],"replies":[{"embeddable":true,"href":"https:\/\/sosuadivingcenter.com\/es\/wp-json\/wp\/v2\/comments?post=355"}],"version-history":[{"count":27,"href":"https:\/\/sosuadivingcenter.com\/es\/wp-json\/wp\/v2\/pages\/355\/revisions"}],"predecessor-version":[{"id":1671,"href":"https:\/\/sosuadivingcenter.com\/es\/wp-json\/wp\/v2\/pages\/355\/revisions\/1671"}],"wp:attachment":[{"href":"https:\/\/sosuadivingcenter.com\/es\/wp-json\/wp\/v2\/media?parent=355"}],"curies":[{"name":"wp","href":"https:\/\/api.w.org\/{rel}","templated":true}]}}